{"id":43,"date":"2025-01-27T12:50:12","date_gmt":"2025-01-27T15:50:12","guid":{"rendered":"http:\/\/caffibras.com.br\/?page_id=43"},"modified":"2025-01-27T15:31:28","modified_gmt":"2025-01-27T18:31:28","slug":"caf-sobre","status":"publish","type":"page","link":"https:\/\/caffibras.com.br\/?page_id=43","title":{"rendered":"Sobre"},"content":{"rendered":"\t\t<div data-elementor-type=\"wp-page\" data-elementor-id=\"43\" class=\"elementor elementor-43\" data-elementor-post-type=\"page\">\n\t\t\t\t<div data-particle_enable=\"false\" data-particle-mobile-disabled=\"false\" class=\"elementor-element elementor-element-234711ff e-flex e-con-boxed e-con e-parent\" data-id=\"234711ff\" data-element_type=\"container\" data-settings=\"{&quot;background_background&quot;:&quot;classic&quot;}\">\n\t\t\t\t\t<div class=\"e-con-inner\">\n\t\t\t\t<div class=\"elementor-element elementor-element-4083c8b5 elementor-widget elementor-widget-spacer\" data-id=\"4083c8b5\" data-element_type=\"widget\" data-widget_type=\"spacer.default\">\n\t\t\t\t<div class=\"elementor-widget-container\">\n\t\t\t\t\t\t\t<div class=\"elementor-spacer\">\n\t\t\t<div class=\"elementor-spacer-inner\"><\/div>\n\t\t<\/div>\n\t\t\t\t\t\t<\/div>\n\t\t\t\t<\/div>\n\t\t\t\t\t<\/div>\n\t\t\t\t<\/div>\n\t\t<div data-particle_enable=\"false\" data-particle-mobile-disabled=\"false\" class=\"elementor-element elementor-element-20595fca e-flex e-con-boxed e-con e-parent\" data-id=\"20595fca\" data-element_type=\"container\" data-settings=\"{&quot;background_background&quot;:&quot;classic&quot;}\">\n\t\t\t\t\t<div class=\"e-con-inner\">\n\t\t<div data-particle_enable=\"false\" data-particle-mobile-disabled=\"false\" class=\"elementor-element elementor-element-6c28eb1d e-con-full e-flex e-con e-child\" data-id=\"6c28eb1d\" data-element_type=\"container\">\n\t\t\t\t<div class=\"elementor-element elementor-element-4c5835ca elementor-widget__width-initial elementor-widget elementor-widget-heading\" data-id=\"4c5835ca\" data-element_type=\"widget\" data-widget_type=\"heading.default\">\n\t\t\t\t<div class=\"elementor-widget-container\">\n\t\t\t\t\t<h3 class=\"elementor-heading-title elementor-size-default\">Sobre n\u00f3s<\/h3>\t\t\t\t<\/div>\n\t\t\t\t<\/div>\n\t\t\t\t<div class=\"elementor-element elementor-element-4a1d62db elementor-widget__width-inherit elementor-widget-tablet_extra__width-initial elementor-widget-tablet__width-initial elementor-widget-mobile_extra__width-initial elementor-widget elementor-widget-heading\" data-id=\"4a1d62db\" data-element_type=\"widget\" data-widget_type=\"heading.default\">\n\t\t\t\t<div class=\"elementor-widget-container\">\n\t\t\t\t\t<h3 class=\"elementor-heading-title elementor-size-default\">CAF Fibras: uma\nempresa do grupo\nCampo Alegre<\/h3>\t\t\t\t<\/div>\n\t\t\t\t<\/div>\n\t\t<div data-particle_enable=\"false\" data-particle-mobile-disabled=\"false\" class=\"elementor-element elementor-element-1fb0b40d e-con-full e-flex elementor-invisible e-con e-child\" data-id=\"1fb0b40d\" data-element_type=\"container\" data-settings=\"{&quot;background_background&quot;:&quot;classic&quot;,&quot;animation&quot;:&quot;fadeIn&quot;}\">\n\t\t\t\t<div class=\"elementor-element elementor-element-c76683c elementor-widget__width-initial elementor-widget elementor-widget-text-editor\" data-id=\"c76683c\" data-element_type=\"widget\" data-widget_type=\"text-editor.default\">\n\t\t\t\t<div class=\"elementor-widget-container\">\n\t\t\t\t\t\t\t\t\tHOMOLOGADOS PELA\t\t\t\t\t\t\t\t<\/div>\n\t\t\t\t<\/div>\n\t\t\t\t<div class=\"elementor-element elementor-element-4266f9a5 elementor-widget elementor-widget-image\" data-id=\"4266f9a5\" data-element_type=\"widget\" data-widget_type=\"image.default\">\n\t\t\t\t<div class=\"elementor-widget-container\">\n\t\t\t\t\t\t\t\t\t\t\t\t\t\t\t<img fetchpriority=\"high\" decoding=\"async\" width=\"300\" height=\"174\" src=\"https:\/\/caffibras.com.br\/wp-content\/uploads\/2025\/01\/logo-cemig.png\" class=\"attachment-large size-large wp-image-37\" alt=\"\" \/>\t\t\t\t\t\t\t\t\t\t\t\t\t\t\t<\/div>\n\t\t\t\t<\/div>\n\t\t\t\t<\/div>\n\t\t\t\t<div class=\"elementor-element elementor-element-547fffa6 elementor-widget__width-initial elementor-widget elementor-widget-text-editor\" data-id=\"547fffa6\" data-element_type=\"widget\" data-widget_type=\"text-editor.default\">\n\t\t\t\t<div class=\"elementor-widget-container\">\n\t\t\t\t\t\t\t\t\t<p>A <strong>CAF FIBRAS<\/strong> \u00e9 uma empresa moderna e vision\u00e1ria, especializada na produ\u00e7\u00e3o de postes e cruzetas de fibra de vidro. Esse material comp\u00f3sito, leve e vers\u00e1til, atende de forma completa \u00e0s diversas necessidades do mercado, proporcionando solu\u00e7\u00f5es inovadoras e eficientes.<\/p><p>A CAF FIBRAS integra o <strong>Grupo Campo Alegre<\/strong>, um conglomerado s\u00f3lido e reconhecido no mercado pela qualidade e compromisso com seus clientes. Al\u00e9m da CAF, o grupo \u00e9 composto pela <strong>Campo Alegre Madeiras<\/strong> e pela <strong>CA Pr\u00e9-Moldados<\/strong>, empresas que, juntas, acumulam mais de 15 anos de experi\u00eancia na fabrica\u00e7\u00e3o de postes e cruzetas de madeira e concreto.<\/p><p>Nossa expertise nos posicionou como parceiros de confian\u00e7a de grandes empresas, como CEMIG, EDP e Energisa, com contratos ativos e um hist\u00f3rico de entregas que superam expectativas. Com a expans\u00e3o de nosso portf\u00f3lio para incluir produtos em fibra de vidro, reafirmamos nosso compromisso com a inova\u00e7\u00e3o, a sustentabilidade e a excel\u00eancia, oferecendo solu\u00e7\u00f5es que conectam o presente ao futuro.<\/p><p>Al\u00e9m de uma alta capacidade de produ\u00e7\u00e3o e log\u00edstica eficiente, o Grupo Campo Alegre conta com laborat\u00f3rios internos dedicados \u00e0 an\u00e1lise de qualidade, garantindo que cada produto atenda aos mais elevados padr\u00f5es do mercado. Nosso legado \u00e9 marcado pela utiliza\u00e7\u00e3o de tecnologias avan\u00e7adas, e nossa miss\u00e3o \u00e9 fornecer produtos de excel\u00eancia com o melhor custo-benef\u00edcio. Estamos em constante evolu\u00e7\u00e3o, investindo continuamente em novas tecnologias e nas melhores pr\u00e1ticas do setor, reafirmando nosso compromisso com inova\u00e7\u00e3o e excel\u00eancia.<\/p>\t\t\t\t\t\t\t\t<\/div>\n\t\t\t\t<\/div>\n\t\t\t\t<\/div>\n\t\t\t\t\t<\/div>\n\t\t\t\t<\/div>\n\t\t<div data-particle_enable=\"false\" data-particle-mobile-disabled=\"false\" class=\"elementor-element elementor-element-200333e8 e-flex e-con-boxed e-con e-parent\" data-id=\"200333e8\" data-element_type=\"container\" data-settings=\"{&quot;background_background&quot;:&quot;classic&quot;}\">\n\t\t\t\t\t<div class=\"e-con-inner\">\n\t\t<div data-particle_enable=\"false\" data-particle-mobile-disabled=\"false\" class=\"elementor-element elementor-element-7c09b484 e-con-full e-flex e-con e-child\" data-id=\"7c09b484\" data-element_type=\"container\">\n\t\t<div data-particle_enable=\"false\" data-particle-mobile-disabled=\"false\" class=\"elementor-element elementor-element-677370ad e-flex e-con-boxed e-con e-child\" data-id=\"677370ad\" data-element_type=\"container\">\n\t\t\t\t\t<div class=\"e-con-inner\">\n\t\t\t\t<div class=\"elementor-element elementor-element-4f07e9b8 elementor-widget__width-inherit elementor-widget-tablet_extra__width-initial elementor-widget-tablet__width-initial elementor-widget-mobile_extra__width-initial elementor-widget elementor-widget-heading\" data-id=\"4f07e9b8\" data-element_type=\"widget\" data-widget_type=\"heading.default\">\n\t\t\t\t<div class=\"elementor-widget-container\">\n\t\t\t\t\t<h3 class=\"elementor-heading-title elementor-size-default\">Diferenciais da CAF<\/h3>\t\t\t\t<\/div>\n\t\t\t\t<\/div>\n\t\t\t\t\t<\/div>\n\t\t\t\t<\/div>\n\t\t<div data-particle_enable=\"false\" data-particle-mobile-disabled=\"false\" class=\"elementor-element elementor-element-706e8258 e-con-full e-flex e-con e-child\" data-id=\"706e8258\" data-element_type=\"container\">\n\t\t<div data-particle_enable=\"false\" data-particle-mobile-disabled=\"false\" class=\"elementor-element elementor-element-b0146a9 e-flex e-con-boxed e-con e-child\" data-id=\"b0146a9\" data-element_type=\"container\">\n\t\t\t\t\t<div class=\"e-con-inner\">\n\t\t<div data-particle_enable=\"false\" data-particle-mobile-disabled=\"false\" class=\"elementor-element elementor-element-56f8405e e-con-full e-flex e-con e-child\" data-id=\"56f8405e\" data-element_type=\"container\" data-settings=\"{&quot;background_background&quot;:&quot;classic&quot;}\">\n\t\t\t\t<div class=\"elementor-element elementor-element-1a5b5ac1 elementor-view-default elementor-widget elementor-widget-icon\" data-id=\"1a5b5ac1\" data-element_type=\"widget\" data-widget_type=\"icon.default\">\n\t\t\t\t<div class=\"elementor-widget-container\">\n\t\t\t\t\t\t\t<div class=\"elementor-icon-wrapper\">\n\t\t\t<div class=\"elementor-icon\">\n\t\t\t<svg aria-hidden=\"true\" class=\"e-font-icon-svg e-fas-truck-moving\" viewBox=\"0 0 640 512\" xmlns=\"http:\/\/www.w3.org\/2000\/svg\"><path d=\"M621.3 237.3l-58.5-58.5c-12-12-28.3-18.7-45.3-18.7H480V64c0-17.7-14.3-32-32-32H32C14.3 32 0 46.3 0 64v336c0 44.2 35.8 80 80 80 26.3 0 49.4-12.9 64-32.4 14.6 19.6 37.7 32.4 64 32.4 44.2 0 80-35.8 80-80 0-5.5-.6-10.8-1.6-16h163.2c-1.1 5.2-1.6 10.5-1.6 16 0 44.2 35.8 80 80 80s80-35.8 80-80c0-5.5-.6-10.8-1.6-16H624c8.8 0 16-7.2 16-16v-85.5c0-17-6.7-33.2-18.7-45.2zM80 432c-17.6 0-32-14.4-32-32s14.4-32 32-32 32 14.4 32 32-14.4 32-32 32zm128 0c-17.6 0-32-14.4-32-32s14.4-32 32-32 32 14.4 32 32-14.4 32-32 32zm272-224h37.5c4.3 0 8.3 1.7 11.3 4.7l43.3 43.3H480v-48zm48 224c-17.6 0-32-14.4-32-32s14.4-32 32-32 32 14.4 32 32-14.4 32-32 32z\"><\/path><\/svg>\t\t\t<\/div>\n\t\t<\/div>\n\t\t\t\t\t\t<\/div>\n\t\t\t\t<\/div>\n\t\t\t\t<div class=\"elementor-element elementor-element-7f16f41f elementor-widget-mobile__width-initial elementor-widget elementor-widget-heading\" data-id=\"7f16f41f\" data-element_type=\"widget\" data-widget_type=\"heading.default\">\n\t\t\t\t<div class=\"elementor-widget-container\">\n\t\t\t\t\t<h2 class=\"elementor-heading-title elementor-size-default\">Frete e log\u00edstica pr\u00f3prios<\/h2>\t\t\t\t<\/div>\n\t\t\t\t<\/div>\n\t\t\t\t<div class=\"elementor-element elementor-element-441cca08 elementor-widget__width-initial elementor-widget elementor-widget-text-editor\" data-id=\"441cca08\" data-element_type=\"widget\" data-widget_type=\"text-editor.default\">\n\t\t\t\t<div class=\"elementor-widget-container\">\n\t\t\t\t\t\t\t\t\t<p class=\"p1\">Em obras, atrasos podem ser muito onerosos. Por isso, a CAF possui frete pr\u00f3prio, com o objetivo de oferecer a melhor experi\u00eancia para nossos clientes e contribuir com seus planejamentos e prazos<\/p>\t\t\t\t\t\t\t\t<\/div>\n\t\t\t\t<\/div>\n\t\t\t\t<\/div>\n\t\t<div data-particle_enable=\"false\" data-particle-mobile-disabled=\"false\" class=\"elementor-element elementor-element-39b47030 e-con-full e-flex e-con e-child\" data-id=\"39b47030\" data-element_type=\"container\" data-settings=\"{&quot;background_background&quot;:&quot;classic&quot;}\">\n\t\t\t\t<div class=\"elementor-element elementor-element-7f9b2d35 elementor-view-default elementor-widget elementor-widget-icon\" data-id=\"7f9b2d35\" data-element_type=\"widget\" data-widget_type=\"icon.default\">\n\t\t\t\t<div class=\"elementor-widget-container\">\n\t\t\t\t\t\t\t<div class=\"elementor-icon-wrapper\">\n\t\t\t<div class=\"elementor-icon\">\n\t\t\t<svg aria-hidden=\"true\" class=\"e-font-icon-svg e-fas-award\" viewBox=\"0 0 384 512\" xmlns=\"http:\/\/www.w3.org\/2000\/svg\"><path d=\"M97.12 362.63c-8.69-8.69-4.16-6.24-25.12-11.85-9.51-2.55-17.87-7.45-25.43-13.32L1.2 448.7c-4.39 10.77 3.81 22.47 15.43 22.03l52.69-2.01L105.56 507c8 8.44 22.04 5.81 26.43-4.96l52.05-127.62c-10.84 6.04-22.87 9.58-35.31 9.58-19.5 0-37.82-7.59-51.61-21.37zM382.8 448.7l-45.37-111.24c-7.56 5.88-15.92 10.77-25.43 13.32-21.07 5.64-16.45 3.18-25.12 11.85-13.79 13.78-32.12 21.37-51.62 21.37-12.44 0-24.47-3.55-35.31-9.58L252 502.04c4.39 10.77 18.44 13.4 26.43 4.96l36.25-38.28 52.69 2.01c11.62.44 19.82-11.27 15.43-22.03zM263 340c15.28-15.55 17.03-14.21 38.79-20.14 13.89-3.79 24.75-14.84 28.47-28.98 7.48-28.4 5.54-24.97 25.95-45.75 10.17-10.35 14.14-25.44 10.42-39.58-7.47-28.38-7.48-24.42 0-52.83 3.72-14.14-.25-29.23-10.42-39.58-20.41-20.78-18.47-17.36-25.95-45.75-3.72-14.14-14.58-25.19-28.47-28.98-27.88-7.61-24.52-5.62-44.95-26.41-10.17-10.35-25-14.4-38.89-10.61-27.87 7.6-23.98 7.61-51.9 0-13.89-3.79-28.72.25-38.89 10.61-20.41 20.78-17.05 18.8-44.94 26.41-13.89 3.79-24.75 14.84-28.47 28.98-7.47 28.39-5.54 24.97-25.95 45.75-10.17 10.35-14.15 25.44-10.42 39.58 7.47 28.36 7.48 24.4 0 52.82-3.72 14.14.25 29.23 10.42 39.59 20.41 20.78 18.47 17.35 25.95 45.75 3.72 14.14 14.58 25.19 28.47 28.98C104.6 325.96 106.27 325 121 340c13.23 13.47 33.84 15.88 49.74 5.82a39.676 39.676 0 0 1 42.53 0c15.89 10.06 36.5 7.65 49.73-5.82zM97.66 175.96c0-53.03 42.24-96.02 94.34-96.02s94.34 42.99 94.34 96.02-42.24 96.02-94.34 96.02-94.34-42.99-94.34-96.02z\"><\/path><\/svg>\t\t\t<\/div>\n\t\t<\/div>\n\t\t\t\t\t\t<\/div>\n\t\t\t\t<\/div>\n\t\t\t\t<div class=\"elementor-element elementor-element-3b93648 elementor-widget-mobile__width-initial elementor-widget elementor-widget-heading\" data-id=\"3b93648\" data-element_type=\"widget\" data-widget_type=\"heading.default\">\n\t\t\t\t<div class=\"elementor-widget-container\">\n\t\t\t\t\t<h2 class=\"elementor-heading-title elementor-size-default\">Legado de qualidade<\/h2>\t\t\t\t<\/div>\n\t\t\t\t<\/div>\n\t\t\t\t<div class=\"elementor-element elementor-element-260a6abd elementor-widget__width-initial elementor-widget elementor-widget-text-editor\" data-id=\"260a6abd\" data-element_type=\"widget\" data-widget_type=\"text-editor.default\">\n\t\t\t\t<div class=\"elementor-widget-container\">\n\t\t\t\t\t\t\t\t\t<p>A CAF Fibras faz parte do grupo Campo Alegre, contando tamb\u00e9m com a Campo Alegre Madeiras e a CA Pr\u00e9-Moldados. Atrav\u00e9s dos anos, o nome Campo Alegre estabeleceu um legado de qualidade e excel\u00eancia tanto em nossos produtos, quanto em nosso atendimento.<\/p>\t\t\t\t\t\t\t\t<\/div>\n\t\t\t\t<\/div>\n\t\t\t\t<\/div>\n\t\t\t\t\t<\/div>\n\t\t\t\t<\/div>\n\t\t\t\t<\/div>\n\t\t\t\t<\/div>\n\t\t\t\t\t<\/div>\n\t\t\t\t<\/div>\n\t\t<div data-particle_enable=\"false\" data-particle-mobile-disabled=\"false\" class=\"elementor-element elementor-element-7551b025 e-flex e-con-boxed e-con e-parent\" data-id=\"7551b025\" data-element_type=\"container\" data-settings=\"{&quot;background_background&quot;:&quot;classic&quot;}\">\n\t\t\t\t\t<div class=\"e-con-inner\">\n\t\t<div data-particle_enable=\"false\" data-particle-mobile-disabled=\"false\" class=\"elementor-element elementor-element-5332d030 e-con-full e-flex e-con e-child\" data-id=\"5332d030\" data-element_type=\"container\">\n\t\t<div data-particle_enable=\"false\" data-particle-mobile-disabled=\"false\" class=\"elementor-element elementor-element-31b782b5 e-flex e-con-boxed e-con e-child\" data-id=\"31b782b5\" data-element_type=\"container\">\n\t\t\t\t\t<div class=\"e-con-inner\">\n\t\t\t\t<div class=\"elementor-element elementor-element-1d9868c8 elementor-widget__width-inherit elementor-widget-tablet__width-initial elementor-widget-mobile_extra__width-initial elementor-widget-tablet_extra__width-initial elementor-widget elementor-widget-heading\" data-id=\"1d9868c8\" data-element_type=\"widget\" data-widget_type=\"heading.default\">\n\t\t\t\t<div class=\"elementor-widget-container\">\n\t\t\t\t\t<h3 class=\"elementor-heading-title elementor-size-default\">Conhe\u00e7a as outras empresas do grupo Campo Alegre<\/h3>\t\t\t\t<\/div>\n\t\t\t\t<\/div>\n\t\t\t\t\t<\/div>\n\t\t\t\t<\/div>\n\t\t\t\t<\/div>\n\t\t\t\t\t<\/div>\n\t\t\t\t<\/div>\n\t\t<div data-particle_enable=\"false\" data-particle-mobile-disabled=\"false\" class=\"elementor-element elementor-element-7b7b8547 e-flex e-con-boxed e-con e-parent\" data-id=\"7b7b8547\" data-element_type=\"container\">\n\t\t\t\t\t<div class=\"e-con-inner\">\n\t\t<div data-particle_enable=\"false\" data-particle-mobile-disabled=\"false\" class=\"elementor-element elementor-element-35fab56f e-con-full e-flex e-con e-child\" data-id=\"35fab56f\" data-element_type=\"container\">\n\t\t\t\t<div class=\"elementor-element elementor-element-2dd422ee elementor-widget elementor-widget-image\" data-id=\"2dd422ee\" data-element_type=\"widget\" data-widget_type=\"image.default\">\n\t\t\t\t<div class=\"elementor-widget-container\">\n\t\t\t\t\t\t\t\t\t\t\t\t\t\t\t\t<a href=\"https:\/\/camadeiras.com.br\/\">\n\t\t\t\t\t\t\t<img decoding=\"async\" width=\"770\" height=\"306\" src=\"https:\/\/caffibras.com.br\/wp-content\/uploads\/2025\/01\/Logos-Campo-Alegre_Colorida-1-e1737652900454.png\" class=\"attachment-full size-full wp-image-38\" alt=\"\" srcset=\"https:\/\/caffibras.com.br\/wp-content\/uploads\/2025\/01\/Logos-Campo-Alegre_Colorida-1-e1737652900454.png 770w, https:\/\/caffibras.com.br\/wp-content\/uploads\/2025\/01\/Logos-Campo-Alegre_Colorida-1-e1737652900454-300x119.png 300w, https:\/\/caffibras.com.br\/wp-content\/uploads\/2025\/01\/Logos-Campo-Alegre_Colorida-1-e1737652900454-768x305.png 768w\" sizes=\"(max-width: 770px) 100vw, 770px\" \/>\t\t\t\t\t\t\t\t<\/a>\n\t\t\t\t\t\t\t\t\t\t\t\t\t\t\t<\/div>\n\t\t\t\t<\/div>\n\t\t\t\t<div class=\"elementor-element elementor-element-688d7e90 elementor-widget__width-initial elementor-widget elementor-widget-heading\" data-id=\"688d7e90\" data-element_type=\"widget\" data-widget_type=\"heading.default\">\n\t\t\t\t<div class=\"elementor-widget-container\">\n\t\t\t\t\t<h2 class=\"elementor-heading-title elementor-size-default\">Especializada em <b>produtos de eucalipto<\/b>  para linhas rurais, constru\u00e7\u00e3o civil e redes de eletrifica\u00e7\u00e3o.<\/h2>\t\t\t\t<\/div>\n\t\t\t\t<\/div>\n\t\t\t\t<\/div>\n\t\t<div data-particle_enable=\"false\" data-particle-mobile-disabled=\"false\" class=\"elementor-element elementor-element-766e2a1b e-con-full e-flex e-con e-child\" data-id=\"766e2a1b\" data-element_type=\"container\">\n\t\t\t\t<div class=\"elementor-element elementor-element-58daa83 elementor-widget elementor-widget-image\" data-id=\"58daa83\" data-element_type=\"widget\" data-widget_type=\"image.default\">\n\t\t\t\t<div class=\"elementor-widget-container\">\n\t\t\t\t\t\t\t\t\t\t\t\t\t\t\t\t<a href=\"https:\/\/capremoldados.com.br\/\">\n\t\t\t\t\t\t\t<img decoding=\"async\" width=\"800\" height=\"209\" src=\"https:\/\/caffibras.com.br\/wp-content\/uploads\/2025\/01\/logotipo-original-@6x-1-1024x267.png\" class=\"attachment-large size-large wp-image-39\" alt=\"\" srcset=\"https:\/\/caffibras.com.br\/wp-content\/uploads\/2025\/01\/logotipo-original-@6x-1-1024x267.png 1024w, https:\/\/caffibras.com.br\/wp-content\/uploads\/2025\/01\/logotipo-original-@6x-1-300x78.png 300w, https:\/\/caffibras.com.br\/wp-content\/uploads\/2025\/01\/logotipo-original-@6x-1-768x201.png 768w, https:\/\/caffibras.com.br\/wp-content\/uploads\/2025\/01\/logotipo-original-@6x-1-1536x401.png 1536w, https:\/\/caffibras.com.br\/wp-content\/uploads\/2025\/01\/logotipo-original-@6x-1-2048x535.png 2048w\" sizes=\"(max-width: 800px) 100vw, 800px\" \/>\t\t\t\t\t\t\t\t<\/a>\n\t\t\t\t\t\t\t\t\t\t\t\t\t\t\t<\/div>\n\t\t\t\t<\/div>\n\t\t\t\t<div class=\"elementor-element elementor-element-2e01333f elementor-widget__width-initial elementor-widget elementor-widget-heading\" data-id=\"2e01333f\" data-element_type=\"widget\" data-widget_type=\"heading.default\">\n\t\t\t\t<div class=\"elementor-widget-container\">\n\t\t\t\t\t<h2 class=\"elementor-heading-title elementor-size-default\">Especializada na produ\u00e7\u00e3o de <b>postes de concreto<\/b>, fornecendo para grandes compradores como a CEMIG.<\/h2>\t\t\t\t<\/div>\n\t\t\t\t<\/div>\n\t\t\t\t<\/div>\n\t\t\t\t\t<\/div>\n\t\t\t\t<\/div>\n\t\t\t\t<\/div>\n\t\t","protected":false},"excerpt":{"rendered":"<p>Sobre n\u00f3s CAF Fibras: uma empresa do grupo Campo Alegre HOMOLOGADOS PELA A CAF FIBRAS \u00e9 uma empresa moderna e vision\u00e1ria, especializada na produ\u00e7\u00e3o de postes e cruzetas de fibra de vidro. Esse material comp\u00f3sito, leve e vers\u00e1til, atende de forma completa \u00e0s diversas necessidades do mercado, proporcionando solu\u00e7\u00f5es inovadoras e eficientes. A CAF FIBRAS [&hellip;]<\/p>\n","protected":false},"author":1,"featured_media":0,"parent":0,"menu_order":0,"comment_status":"closed","ping_status":"closed","template":"elementor_header_footer","meta":{"footnotes":""},"class_list":["post-43","page","type-page","status-publish","hentry"],"_links":{"self":[{"href":"https:\/\/caffibras.com.br\/index.php?rest_route=\/wp\/v2\/pages\/43","targetHints":{"allow":["GET"]}}],"collection":[{"href":"https:\/\/caffibras.com.br\/index.php?rest_route=\/wp\/v2\/pages"}],"about":[{"href":"https:\/\/caffibras.com.br\/index.php?rest_route=\/wp\/v2\/types\/page"}],"author":[{"embeddable":true,"href":"https:\/\/caffibras.com.br\/index.php?rest_route=\/wp\/v2\/users\/1"}],"replies":[{"embeddable":true,"href":"https:\/\/caffibras.com.br\/index.php?rest_route=%2Fwp%2Fv2%2Fcomments&post=43"}],"version-history":[{"count":19,"href":"https:\/\/caffibras.com.br\/index.php?rest_route=\/wp\/v2\/pages\/43\/revisions"}],"predecessor-version":[{"id":194,"href":"https:\/\/caffibras.com.br\/index.php?rest_route=\/wp\/v2\/pages\/43\/revisions\/194"}],"wp:attachment":[{"href":"https:\/\/caffibras.com.br\/index.php?rest_route=%2Fwp%2Fv2%2Fmedia&parent=43"}],"curies":[{"name":"wp","href":"https:\/\/api.w.org\/{rel}","templated":true}]}}